{"id":49,"date":"2018-09-27T11:39:45","date_gmt":"2018-09-27T11:39:45","guid":{"rendered":"http:\/\/aina.grandem.lv\/?page_id=49"},"modified":"2026-04-08T10:59:04","modified_gmt":"2026-04-08T10:59:04","slug":"contacts","status":"publish","type":"page","link":"https:\/\/ainasziedi.lv\/en\/contacts\/","title":{"rendered":"Contacts"},"content":{"rendered":"","protected":false},"excerpt":{"rendered":"","protected":false},"author":1,"featured_media":0,"parent":0,"menu_order":40,"comment_status":"closed","ping_status":"closed","template":"page-contacts.php","meta":{"_acf_changed":false,"inline_featured_image":false,"footnotes":""},"class_list":["post-49","page","type-page","status-publish","hentry"],"acf":[],"yoast_head":"<!-- This site is optimized with the Yoast SEO plugin v27.2 - https:\/\/yoast.com\/product\/yoast-seo-wordpress\/ -->\n<title>KONTAKTI sazi\u0146ai<\/title>\n<meta name=\"description\" content=\"Kontakti: AMG Ziedi SIA | Nomet\u0146u iela 9-1, R\u012bga, LV-1048 | e-pasts: ainasziedi@inbox.lv | +371 29239897; +371 67611987\" \/>\n<meta name=\"robots\" content=\"index, follow, max-snippet:-1, max-image-preview:large, max-video-preview:-1\" \/>\n<link rel=\"canonical\" href=\"https:\/\/ainasziedi.lv\/en\/contacts\/\" \/>\n<meta property=\"og:locale\" content=\"en_US\" \/>\n<meta property=\"og:type\" content=\"article\" \/>\n<meta property=\"og:title\" content=\"KONTAKTI sazi\u0146ai\" \/>\n<meta property=\"og:description\" content=\"Kontakti: AMG Ziedi SIA | Nomet\u0146u iela 9-1, R\u012bga, LV-1048 | e-pasts: ainasziedi@inbox.lv | +371 29239897; +371 67611987\" \/>\n<meta property=\"og:url\" content=\"https:\/\/ainasziedi.lv\/en\/contacts\/\" \/>\n<meta property=\"og:site_name\" content=\"Ziedu salons Aina\" \/>\n<meta property=\"article:modified_time\" content=\"2026-04-08T10:59:04+00:00\" \/>\n<meta name=\"twitter:card\" content=\"summary_large_image\" \/>\n<script type=\"application\/ld+json\" class=\"yoast-schema-graph\">{\"@context\":\"https:\/\/schema.org\",\"@graph\":[{\"@type\":\"WebPage\",\"@id\":\"https:\/\/ainasziedi.lv\/en\/contacts\/\",\"url\":\"https:\/\/ainasziedi.lv\/en\/contacts\/\",\"name\":\"KONTAKTI sazi\u0146ai\",\"isPartOf\":{\"@id\":\"https:\/\/ainasziedi.lv\/#website\"},\"datePublished\":\"2018-09-27T11:39:45+00:00\",\"dateModified\":\"2026-04-08T10:59:04+00:00\",\"description\":\"Kontakti: AMG Ziedi SIA | Nomet\u0146u iela 9-1, R\u012bga, LV-1048 | e-pasts: ainasziedi@inbox.lv | +371 29239897; +371 67611987\",\"breadcrumb\":{\"@id\":\"https:\/\/ainasziedi.lv\/en\/contacts\/#breadcrumb\"},\"inLanguage\":\"en-US\",\"potentialAction\":[{\"@type\":\"ReadAction\",\"target\":[\"https:\/\/ainasziedi.lv\/en\/contacts\/\"]}]},{\"@type\":\"BreadcrumbList\",\"@id\":\"https:\/\/ainasziedi.lv\/en\/contacts\/#breadcrumb\",\"itemListElement\":[{\"@type\":\"ListItem\",\"position\":1,\"name\":\"Home\",\"item\":\"https:\/\/ainasziedi.lv\/\"},{\"@type\":\"ListItem\",\"position\":2,\"name\":\"Contacts\"}]},{\"@type\":\"WebSite\",\"@id\":\"https:\/\/ainasziedi.lv\/#website\",\"url\":\"https:\/\/ainasziedi.lv\/\",\"name\":\"Ziedu salons Aina\",\"description\":\"Ziedu salons Aina\",\"potentialAction\":[{\"@type\":\"SearchAction\",\"target\":{\"@type\":\"EntryPoint\",\"urlTemplate\":\"https:\/\/ainasziedi.lv\/?s={search_term_string}\"},\"query-input\":{\"@type\":\"PropertyValueSpecification\",\"valueRequired\":true,\"valueName\":\"search_term_string\"}}],\"inLanguage\":\"en-US\"}]}<\/script>\n<!-- \/ Yoast SEO plugin. -->","yoast_head_json":{"title":"KONTAKTI sazi\u0146ai","description":"Kontakti: AMG Ziedi SIA | Nomet\u0146u iela 9-1, R\u012bga, LV-1048 | e-pasts: ainasziedi@inbox.lv | +371 29239897; +371 67611987","robots":{"index":"index","follow":"follow","max-snippet":"max-snippet:-1","max-image-preview":"max-image-preview:large","max-video-preview":"max-video-preview:-1"},"canonical":"https:\/\/ainasziedi.lv\/en\/contacts\/","og_locale":"en_US","og_type":"article","og_title":"KONTAKTI sazi\u0146ai","og_description":"Kontakti: AMG Ziedi SIA | Nomet\u0146u iela 9-1, R\u012bga, LV-1048 | e-pasts: ainasziedi@inbox.lv | +371 29239897; +371 67611987","og_url":"https:\/\/ainasziedi.lv\/en\/contacts\/","og_site_name":"Ziedu salons Aina","article_modified_time":"2026-04-08T10:59:04+00:00","twitter_card":"summary_large_image","schema":{"@context":"https:\/\/schema.org","@graph":[{"@type":"WebPage","@id":"https:\/\/ainasziedi.lv\/en\/contacts\/","url":"https:\/\/ainasziedi.lv\/en\/contacts\/","name":"KONTAKTI sazi\u0146ai","isPartOf":{"@id":"https:\/\/ainasziedi.lv\/#website"},"datePublished":"2018-09-27T11:39:45+00:00","dateModified":"2026-04-08T10:59:04+00:00","description":"Kontakti: AMG Ziedi SIA | Nomet\u0146u iela 9-1, R\u012bga, LV-1048 | e-pasts: ainasziedi@inbox.lv | +371 29239897; +371 67611987","breadcrumb":{"@id":"https:\/\/ainasziedi.lv\/en\/contacts\/#breadcrumb"},"inLanguage":"en-US","potentialAction":[{"@type":"ReadAction","target":["https:\/\/ainasziedi.lv\/en\/contacts\/"]}]},{"@type":"BreadcrumbList","@id":"https:\/\/ainasziedi.lv\/en\/contacts\/#breadcrumb","itemListElement":[{"@type":"ListItem","position":1,"name":"Home","item":"https:\/\/ainasziedi.lv\/"},{"@type":"ListItem","position":2,"name":"Contacts"}]},{"@type":"WebSite","@id":"https:\/\/ainasziedi.lv\/#website","url":"https:\/\/ainasziedi.lv\/","name":"Ziedu salons Aina","description":"Ziedu salons Aina","potentialAction":[{"@type":"SearchAction","target":{"@type":"EntryPoint","urlTemplate":"https:\/\/ainasziedi.lv\/?s={search_term_string}"},"query-input":{"@type":"PropertyValueSpecification","valueRequired":true,"valueName":"search_term_string"}}],"inLanguage":"en-US"}]}},"_links":{"self":[{"href":"https:\/\/ainasziedi.lv\/en\/wp-json\/wp\/v2\/pages\/49","targetHints":{"allow":["GET"]}}],"collection":[{"href":"https:\/\/ainasziedi.lv\/en\/wp-json\/wp\/v2\/pages"}],"about":[{"href":"https:\/\/ainasziedi.lv\/en\/wp-json\/wp\/v2\/types\/page"}],"author":[{"embeddable":true,"href":"https:\/\/ainasziedi.lv\/en\/wp-json\/wp\/v2\/users\/1"}],"replies":[{"embeddable":true,"href":"https:\/\/ainasziedi.lv\/en\/wp-json\/wp\/v2\/comments?post=49"}],"version-history":[{"count":152,"href":"https:\/\/ainasziedi.lv\/en\/wp-json\/wp\/v2\/pages\/49\/revisions"}],"predecessor-version":[{"id":12642,"href":"https:\/\/ainasziedi.lv\/en\/wp-json\/wp\/v2\/pages\/49\/revisions\/12642"}],"wp:attachment":[{"href":"https:\/\/ainasziedi.lv\/en\/wp-json\/wp\/v2\/media?parent=49"}],"curies":[{"name":"wp","href":"https:\/\/api.w.org\/{rel}","templated":true}]}}