{"id":72,"date":"2018-09-28T07:45:18","date_gmt":"2018-09-28T07:45:18","guid":{"rendered":"http:\/\/aina.grandem.lv\/?page_id=72"},"modified":"2025-08-25T05:10:24","modified_gmt":"2025-08-25T05:10:24","slug":"how-to-order-flowers","status":"publish","type":"page","link":"https:\/\/ainasziedi.lv\/en\/how-to-order-flowers\/","title":{"rendered":"How to order flowers"},"content":{"rendered":"<p><strong>Ordering flowers:<\/strong><\/p>\n<ul>\n<li>You can order flowers 7 days a week, 24 hours a day.<\/li>\n<li>The orders are handled during working hours (Working days 8:00-20:00,saturday 8:00-19:00, Sunday 10:00 \u2013 18:00).<\/li>\n<li>If the order is placed outside working hours, the order will be handled in the coming day starting from 10:00.<\/li>\n<li>If you want the flowers delivered on the day of order, please place the order: Until 16:00 on working days, Until 12:00 on the weekends<\/li>\n<li>If the flower should be delivered outside our working hours, please call 29239897<\/li>\n<li>The flower delivery is made 2-3 hours after the payment is received<\/li>\n<li>During special seasons, such as St. Valentine\u2019s Day, 8<sup>th<\/sup> March, please place your order 2-3 days in advance, so that we can deliver your order in the desired time and place.<\/li>\n<li>We deliver flowers to any place: hospital, maternity hospital, office building, hotel, crematorium, church and other places. In case you want to send flowers to the hospital or maternity hospital, please provide indormation about the ward, section, hospital in the comment field. If it won\u2019t be possible to deliver the flowers directly to the recipient, the flowers will be placed in the care of administration of the ward.<\/li>\n<li>If you want to deliver the flowers to a hotel, please provide a room number.<\/li>\n<li>All prices provided include VAT (21%).<\/li>\n<li>The delivery costs are not included in the price of the flowers or gifts. The delivery cost will be calculated after providing a precise recipient\u2019s address.<\/li>\n<li>When placing the order, please provide all necessary information correctly \u2013 the recipient\u2019s name, surname, delivery address, door code, desired delivery time, the phone number of the recipient and your own. This information is necessary so that we can make the delivery without any issues. All this information is confidential and is not revealed to a third person.<\/li>\n<li>When placing the order, please make sure that the recipient will be in the address and time provided. If not, we will deliver the flowers to the new place for at an additional cost. If you do not want to pay extra for another delivery, you can pick up the flowers free of delivery charge in our salon \u2013 Riga, Nomet\u0146u iela 9-1.<\/li>\n<li>Delivery is also possible throughout Latvia, for prices and delivery options, please contact us by phone-29239897<\/li>\n<li>You will receive an sms when the flowers are delivered.<\/li>\n<li>The minimum order amount is 25 EUR.<\/li>\n<li>All images are for illustrative purpose only.<\/li>\n<li>The bouquet can differ in flower colors, placement and brightness from the picture.<\/li>\n<\/ul>\n<p>Depending on the season and demand, some of the specific flowers might not be available, but our florists will replace them with equaly worthy ones, keeping the design and style of the composition.<\/p>\n","protected":false},"excerpt":{"rendered":"<p>Ordering flowers: You can order flowers 7 days a week, 24 hours a day. The orders are handled during working hours (Working days 8:00-20:00,saturday 8:00-19:00, Sunday 10:00 \u2013 18:00). If the order is placed outside working hours, the order will be handled in the coming day starting from 10:00. If you want the flowers delivered [&hellip;]<\/p>\n","protected":false},"author":1,"featured_media":0,"parent":0,"menu_order":38,"comment_status":"closed","ping_status":"closed","template":"","meta":{"_acf_changed":false,"inline_featured_image":false,"footnotes":""},"class_list":["post-72","page","type-page","status-publish","hentry"],"acf":[],"yoast_head":"<!-- This site is optimized with the Yoast SEO plugin v27.2 - https:\/\/yoast.com\/product\/yoast-seo-wordpress\/ -->\n<title>K\u0101 pas\u016bt\u012bt ziedus<\/title>\n<meta name=\"description\" content=\"Ziedus iesp\u0113jams pas\u016bt\u012bt 7 dienas ned\u0113\u013c\u0101 24h diennakt\u012b | Pas\u016bt\u012bjumus apstr\u0101d\u0101jam darba laik\u0101, pas\u016bt\u012bjumiem \u0101rpus darba laika\u00a0 pieg\u0101di veicam n\u0101kamaj\u0101 dien\u0101\" \/>\n<meta name=\"robots\" content=\"index, follow, max-snippet:-1, max-image-preview:large, max-video-preview:-1\" \/>\n<link rel=\"canonical\" href=\"https:\/\/ainasziedi.lv\/en\/how-to-order-flowers\/\" \/>\n<meta property=\"og:locale\" content=\"en_US\" \/>\n<meta property=\"og:type\" content=\"article\" \/>\n<meta property=\"og:title\" content=\"K\u0101 pas\u016bt\u012bt ziedus\" \/>\n<meta property=\"og:description\" content=\"Ziedus iesp\u0113jams pas\u016bt\u012bt 7 dienas ned\u0113\u013c\u0101 24h diennakt\u012b | Pas\u016bt\u012bjumus apstr\u0101d\u0101jam darba laik\u0101, pas\u016bt\u012bjumiem \u0101rpus darba laika\u00a0 pieg\u0101di veicam n\u0101kamaj\u0101 dien\u0101\" \/>\n<meta property=\"og:url\" content=\"https:\/\/ainasziedi.lv\/en\/how-to-order-flowers\/\" \/>\n<meta property=\"og:site_name\" content=\"Ziedu salons Aina\" \/>\n<meta property=\"article:modified_time\" content=\"2025-08-25T05:10:24+00:00\" \/>\n<meta name=\"twitter:card\" content=\"summary_large_image\" \/>\n<meta name=\"twitter:label1\" content=\"Est. reading time\" \/>\n\t<meta name=\"twitter:data1\" content=\"3 minutes\" \/>\n<script type=\"application\/ld+json\" class=\"yoast-schema-graph\">{\"@context\":\"https:\/\/schema.org\",\"@graph\":[{\"@type\":\"WebPage\",\"@id\":\"https:\/\/ainasziedi.lv\/en\/how-to-order-flowers\/\",\"url\":\"https:\/\/ainasziedi.lv\/en\/how-to-order-flowers\/\",\"name\":\"K\u0101 pas\u016bt\u012bt ziedus\",\"isPartOf\":{\"@id\":\"https:\/\/ainasziedi.lv\/#website\"},\"datePublished\":\"2018-09-28T07:45:18+00:00\",\"dateModified\":\"2025-08-25T05:10:24+00:00\",\"description\":\"Ziedus iesp\u0113jams pas\u016bt\u012bt 7 dienas ned\u0113\u013c\u0101 24h diennakt\u012b | Pas\u016bt\u012bjumus apstr\u0101d\u0101jam darba laik\u0101, pas\u016bt\u012bjumiem \u0101rpus darba laika\u00a0 pieg\u0101di veicam n\u0101kamaj\u0101 dien\u0101\",\"breadcrumb\":{\"@id\":\"https:\/\/ainasziedi.lv\/en\/how-to-order-flowers\/#breadcrumb\"},\"inLanguage\":\"en-US\",\"potentialAction\":[{\"@type\":\"ReadAction\",\"target\":[\"https:\/\/ainasziedi.lv\/en\/how-to-order-flowers\/\"]}]},{\"@type\":\"BreadcrumbList\",\"@id\":\"https:\/\/ainasziedi.lv\/en\/how-to-order-flowers\/#breadcrumb\",\"itemListElement\":[{\"@type\":\"ListItem\",\"position\":1,\"name\":\"Home\",\"item\":\"https:\/\/ainasziedi.lv\/\"},{\"@type\":\"ListItem\",\"position\":2,\"name\":\"How to order flowers\"}]},{\"@type\":\"WebSite\",\"@id\":\"https:\/\/ainasziedi.lv\/#website\",\"url\":\"https:\/\/ainasziedi.lv\/\",\"name\":\"Ziedu salons Aina\",\"description\":\"Ziedu salons Aina\",\"potentialAction\":[{\"@type\":\"SearchAction\",\"target\":{\"@type\":\"EntryPoint\",\"urlTemplate\":\"https:\/\/ainasziedi.lv\/?s={search_term_string}\"},\"query-input\":{\"@type\":\"PropertyValueSpecification\",\"valueRequired\":true,\"valueName\":\"search_term_string\"}}],\"inLanguage\":\"en-US\"}]}<\/script>\n<!-- \/ Yoast SEO plugin. -->","yoast_head_json":{"title":"K\u0101 pas\u016bt\u012bt ziedus","description":"Ziedus iesp\u0113jams pas\u016bt\u012bt 7 dienas ned\u0113\u013c\u0101 24h diennakt\u012b | Pas\u016bt\u012bjumus apstr\u0101d\u0101jam darba laik\u0101, pas\u016bt\u012bjumiem \u0101rpus darba laika\u00a0 pieg\u0101di veicam n\u0101kamaj\u0101 dien\u0101","robots":{"index":"index","follow":"follow","max-snippet":"max-snippet:-1","max-image-preview":"max-image-preview:large","max-video-preview":"max-video-preview:-1"},"canonical":"https:\/\/ainasziedi.lv\/en\/how-to-order-flowers\/","og_locale":"en_US","og_type":"article","og_title":"K\u0101 pas\u016bt\u012bt ziedus","og_description":"Ziedus iesp\u0113jams pas\u016bt\u012bt 7 dienas ned\u0113\u013c\u0101 24h diennakt\u012b | Pas\u016bt\u012bjumus apstr\u0101d\u0101jam darba laik\u0101, pas\u016bt\u012bjumiem \u0101rpus darba laika\u00a0 pieg\u0101di veicam n\u0101kamaj\u0101 dien\u0101","og_url":"https:\/\/ainasziedi.lv\/en\/how-to-order-flowers\/","og_site_name":"Ziedu salons Aina","article_modified_time":"2025-08-25T05:10:24+00:00","twitter_card":"summary_large_image","twitter_misc":{"Est. reading time":"3 minutes"},"schema":{"@context":"https:\/\/schema.org","@graph":[{"@type":"WebPage","@id":"https:\/\/ainasziedi.lv\/en\/how-to-order-flowers\/","url":"https:\/\/ainasziedi.lv\/en\/how-to-order-flowers\/","name":"K\u0101 pas\u016bt\u012bt ziedus","isPartOf":{"@id":"https:\/\/ainasziedi.lv\/#website"},"datePublished":"2018-09-28T07:45:18+00:00","dateModified":"2025-08-25T05:10:24+00:00","description":"Ziedus iesp\u0113jams pas\u016bt\u012bt 7 dienas ned\u0113\u013c\u0101 24h diennakt\u012b | Pas\u016bt\u012bjumus apstr\u0101d\u0101jam darba laik\u0101, pas\u016bt\u012bjumiem \u0101rpus darba laika\u00a0 pieg\u0101di veicam n\u0101kamaj\u0101 dien\u0101","breadcrumb":{"@id":"https:\/\/ainasziedi.lv\/en\/how-to-order-flowers\/#breadcrumb"},"inLanguage":"en-US","potentialAction":[{"@type":"ReadAction","target":["https:\/\/ainasziedi.lv\/en\/how-to-order-flowers\/"]}]},{"@type":"BreadcrumbList","@id":"https:\/\/ainasziedi.lv\/en\/how-to-order-flowers\/#breadcrumb","itemListElement":[{"@type":"ListItem","position":1,"name":"Home","item":"https:\/\/ainasziedi.lv\/"},{"@type":"ListItem","position":2,"name":"How to order flowers"}]},{"@type":"WebSite","@id":"https:\/\/ainasziedi.lv\/#website","url":"https:\/\/ainasziedi.lv\/","name":"Ziedu salons Aina","description":"Ziedu salons Aina","potentialAction":[{"@type":"SearchAction","target":{"@type":"EntryPoint","urlTemplate":"https:\/\/ainasziedi.lv\/?s={search_term_string}"},"query-input":{"@type":"PropertyValueSpecification","valueRequired":true,"valueName":"search_term_string"}}],"inLanguage":"en-US"}]}},"_links":{"self":[{"href":"https:\/\/ainasziedi.lv\/en\/wp-json\/wp\/v2\/pages\/72","targetHints":{"allow":["GET"]}}],"collection":[{"href":"https:\/\/ainasziedi.lv\/en\/wp-json\/wp\/v2\/pages"}],"about":[{"href":"https:\/\/ainasziedi.lv\/en\/wp-json\/wp\/v2\/types\/page"}],"author":[{"embeddable":true,"href":"https:\/\/ainasziedi.lv\/en\/wp-json\/wp\/v2\/users\/1"}],"replies":[{"embeddable":true,"href":"https:\/\/ainasziedi.lv\/en\/wp-json\/wp\/v2\/comments?post=72"}],"version-history":[{"count":40,"href":"https:\/\/ainasziedi.lv\/en\/wp-json\/wp\/v2\/pages\/72\/revisions"}],"predecessor-version":[{"id":11459,"href":"https:\/\/ainasziedi.lv\/en\/wp-json\/wp\/v2\/pages\/72\/revisions\/11459"}],"wp:attachment":[{"href":"https:\/\/ainasziedi.lv\/en\/wp-json\/wp\/v2\/media?parent=72"}],"curies":[{"name":"wp","href":"https:\/\/api.w.org\/{rel}","templated":true}]}}