{"id":74,"date":"2018-09-28T07:45:26","date_gmt":"2018-09-28T07:45:26","guid":{"rendered":"http:\/\/aina.grandem.lv\/?page_id=74"},"modified":"2026-01-05T08:33:31","modified_gmt":"2026-01-05T08:33:31","slug":"flower-delivery-in-riga","status":"publish","type":"page","link":"https:\/\/ainasziedi.lv\/en\/flower-delivery-in-riga\/","title":{"rendered":"Flower delivery in Riga"},"content":{"rendered":"\r\n<h5>Flower delivery in Riga and other cities is simple and beneficial. We will prepare the flowers of your choice and deliver them to the recipient on their doorstep.<\/h5>\r\n<p>&nbsp;<\/p>\r\n<h6><strong>Flower delivery and costs<\/strong><\/h6>\r\n<table>\r\n<tbody>\r\n<tr>\r\n<td class=\"center no-wrap\">6,50\u20ac<\/td>\r\n<td style=\"min-width: 300px;\">Delivery in \u0100genskalns<\/td>\r\n<\/tr>\r\n<tr>\r\n<td class=\"center no-wrap\">8,50\u20ac<\/td>\r\n<td style=\"min-width: 300px;\">Delivery in areas: Dzirciems; I\u013c\u0123uciems; Imanta; Kleisti: \u0136\u012bpsala;\u00a0 Spilve; Voleri; Zasulauks; Atg\u0101zene; Bieri\u0146i; Bi\u0161umui\u017ea; Katlakalns;\u00a0 Pleskod\u0101le; Salas; \u0160amp\u0113teris; Tor\u0146akalns; Ziepniekkalns; Zolit\u016bde.<\/td>\r\n<\/tr>\r\n<tr>\r\n<td class=\"center no-wrap\">8,50\u20ac<\/td>\r\n<td style=\"min-width: 300px;\">Delivery in Riga city center and Old town.<\/td>\r\n<\/tr>\r\n<tr>\r\n<td class=\"center no-wrap\">10,00\u20ac<\/td>\r\n<td style=\"min-width: 300px;\">Delivery in areas: Beberbe\u0137i; Bolder\u0101ja; Daugavgr\u012bva\u010ciekurkalns; Jaunciems; Kundzi\u0146sala; Me\u017eaparks; M\u012blgr\u0101vis; P\u0113tersala-Andrejsala; Sarkandaugava; Vecdaugava; Ber\u0123i; Brasa; Brek\u0161i; Bukulti; Dreili\u0146i; Jugla; Me\u017eciems; Purvciems;\u00a0 Su\u017ei; Teika;\u00a0 D\u0101rzciems; D\u0101rzi\u0146i; Gr\u012bzi\u0146kalns; \u0136engarags; Maskavasfor\u0161tate; P\u013cavnieki; Rumbula; M\u0101rupe;\u00a0 \u0160\u0137irotava<\/td>\r\n<\/tr>\r\n<tr>\r\n<td class=\"center no-wrap\">25,00\u20ac<\/td>\r\n<td style=\"min-width: 300px;\">Delivery in (30 km. radius from shop): J\u016brmala; Vec\u0101\u0137i; Tr\u012bsciems; Manga\u013csala; Vecm\u012blgr\u0101vis;\u00a0 Bab\u012btes nov; \u0136ekavas nov.; Salaspils nov.; Stopi\u0146u\u00a0 nov.; Garkalnes nov.; Carnikavas nov.; \u0100da\u017eu nov.<\/td>\r\n<\/tr>\r\n<\/tbody>\r\n<\/table>\r\n<p>&nbsp;<\/p>\r\n<p>If the recipient cannot be reached by phone or they are not at home, the order delivery is returned to the Seller and is redelivered in another time (extra charge for an additional delivery) or it is possible to pick up the order free of delivery charge in our boutique &#8211; Nomet\u0146u street 9, Riga<\/p>\r\n<p>We will inform you about the successful delivery by sending an sms.<\/p>\r\n<p>If you wish to order an urgent flower delivery, please contact us by phone.<\/p>\r\n<p>&nbsp;<\/p>\r\n<p>It is possible to deliver flowers to other cities in Latvia, arranging it separately by <strong>calling <a href=\"tel:+371 29239897\">+371 29239897<\/a> <\/strong>or writing an e-mail to <strong><a href=\"mailto:ainasziedi@inbox.lv\">ainasziedi@inbox.lv<\/a><\/strong><\/p>\r\n<p>The orders are handled during working hours <strong>(Working days 8:00-20:00 \u2013 Saturdays 8:00-19:00, Sundays 10:00-18:00)<\/strong>. If the order is placed outside working hours, the delivery will be made the following day starting from 10:00.<\/p>\r\n<p>If you want your order to be delivered the same day, the order should be placed until <strong>16:00 on working days and 12:00 on the weekends<\/strong>.<\/p>\r\n<p>During holiday season, such as St. Valentine\u2019s Day, 8<sup>th<\/sup> March, please kindly place your order 2-3 days in advance, for us to prepare and deliver it in the time and place of your choice.<\/p>\r\n<p><strong>The minimum order amount is 25.00 EUR<\/strong><\/p>\r\n","protected":false},"excerpt":{"rendered":"<p>Flower delivery in Riga and other cities is simple and beneficial. We will prepare the flowers of your choice and deliver them to the recipient on their doorstep. &nbsp; Flower delivery and costs 6,50\u20ac Delivery in \u0100genskalns 8,50\u20ac Delivery in areas: Dzirciems; I\u013c\u0123uciems; Imanta; Kleisti: \u0136\u012bpsala;\u00a0 Spilve; Voleri; Zasulauks; Atg\u0101zene; Bieri\u0146i; Bi\u0161umui\u017ea; Katlakalns;\u00a0 Pleskod\u0101le; Salas; [&hellip;]<\/p>\n","protected":false},"author":1,"featured_media":0,"parent":0,"menu_order":83,"comment_status":"closed","ping_status":"closed","template":"page-delivery.php","meta":{"_acf_changed":false,"inline_featured_image":false,"footnotes":""},"class_list":["post-74","page","type-page","status-publish","hentry"],"acf":[],"yoast_head":"<!-- This site is optimized with the Yoast SEO plugin v27.2 - https:\/\/yoast.com\/product\/yoast-seo-wordpress\/ -->\n<title>Ziedu pieg\u0101de R\u012bg\u0101 - \u0101tri un izdev\u012bgi<\/title>\n<meta name=\"description\" content=\"Ziedu pieg\u0101de R\u012bg\u0101 | \u0100tra as\u016bt\u012bjumu izpilde | Skaisti ziedi un ziedu pu\u0161\u0137i ar pieg\u0101di l\u012bdz durv\u012bm | Pieg\u0101d\u0101jam ar\u012b uz cit\u0101m pils\u0113t\u0101m atsevi\u0161\u0137i vienojoties\" \/>\n<meta name=\"robots\" content=\"index, follow, max-snippet:-1, max-image-preview:large, max-video-preview:-1\" \/>\n<link rel=\"canonical\" href=\"https:\/\/ainasziedi.lv\/en\/flower-delivery-in-riga\/\" \/>\n<meta property=\"og:locale\" content=\"en_US\" \/>\n<meta property=\"og:type\" content=\"article\" \/>\n<meta property=\"og:title\" content=\"Ziedu pieg\u0101de R\u012bg\u0101 - \u0101tri un izdev\u012bgi\" \/>\n<meta property=\"og:description\" content=\"Ziedu pieg\u0101de R\u012bg\u0101 | \u0100tra as\u016bt\u012bjumu izpilde | Skaisti ziedi un ziedu pu\u0161\u0137i ar pieg\u0101di l\u012bdz durv\u012bm | Pieg\u0101d\u0101jam ar\u012b uz cit\u0101m pils\u0113t\u0101m atsevi\u0161\u0137i vienojoties\" \/>\n<meta property=\"og:url\" content=\"https:\/\/ainasziedi.lv\/en\/flower-delivery-in-riga\/\" \/>\n<meta property=\"og:site_name\" content=\"Ziedu salons Aina\" \/>\n<meta property=\"article:modified_time\" content=\"2026-01-05T08:33:31+00:00\" \/>\n<meta name=\"twitter:card\" content=\"summary_large_image\" \/>\n<meta name=\"twitter:label1\" content=\"Est. reading time\" \/>\n\t<meta name=\"twitter:data1\" content=\"2 minutes\" \/>\n<script type=\"application\/ld+json\" class=\"yoast-schema-graph\">{\"@context\":\"https:\/\/schema.org\",\"@graph\":[{\"@type\":\"WebPage\",\"@id\":\"https:\/\/ainasziedi.lv\/en\/flower-delivery-in-riga\/\",\"url\":\"https:\/\/ainasziedi.lv\/en\/flower-delivery-in-riga\/\",\"name\":\"Ziedu pieg\u0101de R\u012bg\u0101 - \u0101tri un izdev\u012bgi\",\"isPartOf\":{\"@id\":\"https:\/\/ainasziedi.lv\/#website\"},\"datePublished\":\"2018-09-28T07:45:26+00:00\",\"dateModified\":\"2026-01-05T08:33:31+00:00\",\"description\":\"Ziedu pieg\u0101de R\u012bg\u0101 | \u0100tra as\u016bt\u012bjumu izpilde | Skaisti ziedi un ziedu pu\u0161\u0137i ar pieg\u0101di l\u012bdz durv\u012bm | Pieg\u0101d\u0101jam ar\u012b uz cit\u0101m pils\u0113t\u0101m atsevi\u0161\u0137i vienojoties\",\"breadcrumb\":{\"@id\":\"https:\/\/ainasziedi.lv\/en\/flower-delivery-in-riga\/#breadcrumb\"},\"inLanguage\":\"en-US\",\"potentialAction\":[{\"@type\":\"ReadAction\",\"target\":[\"https:\/\/ainasziedi.lv\/en\/flower-delivery-in-riga\/\"]}]},{\"@type\":\"BreadcrumbList\",\"@id\":\"https:\/\/ainasziedi.lv\/en\/flower-delivery-in-riga\/#breadcrumb\",\"itemListElement\":[{\"@type\":\"ListItem\",\"position\":1,\"name\":\"Home\",\"item\":\"https:\/\/ainasziedi.lv\/\"},{\"@type\":\"ListItem\",\"position\":2,\"name\":\"Flower delivery in Riga\"}]},{\"@type\":\"WebSite\",\"@id\":\"https:\/\/ainasziedi.lv\/#website\",\"url\":\"https:\/\/ainasziedi.lv\/\",\"name\":\"Ziedu salons Aina\",\"description\":\"Ziedu salons Aina\",\"potentialAction\":[{\"@type\":\"SearchAction\",\"target\":{\"@type\":\"EntryPoint\",\"urlTemplate\":\"https:\/\/ainasziedi.lv\/?s={search_term_string}\"},\"query-input\":{\"@type\":\"PropertyValueSpecification\",\"valueRequired\":true,\"valueName\":\"search_term_string\"}}],\"inLanguage\":\"en-US\"}]}<\/script>\n<!-- \/ Yoast SEO plugin. -->","yoast_head_json":{"title":"Ziedu pieg\u0101de R\u012bg\u0101 - \u0101tri un izdev\u012bgi","description":"Ziedu pieg\u0101de R\u012bg\u0101 | \u0100tra as\u016bt\u012bjumu izpilde | Skaisti ziedi un ziedu pu\u0161\u0137i ar pieg\u0101di l\u012bdz durv\u012bm | Pieg\u0101d\u0101jam ar\u012b uz cit\u0101m pils\u0113t\u0101m atsevi\u0161\u0137i vienojoties","robots":{"index":"index","follow":"follow","max-snippet":"max-snippet:-1","max-image-preview":"max-image-preview:large","max-video-preview":"max-video-preview:-1"},"canonical":"https:\/\/ainasziedi.lv\/en\/flower-delivery-in-riga\/","og_locale":"en_US","og_type":"article","og_title":"Ziedu pieg\u0101de R\u012bg\u0101 - \u0101tri un izdev\u012bgi","og_description":"Ziedu pieg\u0101de R\u012bg\u0101 | \u0100tra as\u016bt\u012bjumu izpilde | Skaisti ziedi un ziedu pu\u0161\u0137i ar pieg\u0101di l\u012bdz durv\u012bm | Pieg\u0101d\u0101jam ar\u012b uz cit\u0101m pils\u0113t\u0101m atsevi\u0161\u0137i vienojoties","og_url":"https:\/\/ainasziedi.lv\/en\/flower-delivery-in-riga\/","og_site_name":"Ziedu salons Aina","article_modified_time":"2026-01-05T08:33:31+00:00","twitter_card":"summary_large_image","twitter_misc":{"Est. reading time":"2 minutes"},"schema":{"@context":"https:\/\/schema.org","@graph":[{"@type":"WebPage","@id":"https:\/\/ainasziedi.lv\/en\/flower-delivery-in-riga\/","url":"https:\/\/ainasziedi.lv\/en\/flower-delivery-in-riga\/","name":"Ziedu pieg\u0101de R\u012bg\u0101 - \u0101tri un izdev\u012bgi","isPartOf":{"@id":"https:\/\/ainasziedi.lv\/#website"},"datePublished":"2018-09-28T07:45:26+00:00","dateModified":"2026-01-05T08:33:31+00:00","description":"Ziedu pieg\u0101de R\u012bg\u0101 | \u0100tra as\u016bt\u012bjumu izpilde | Skaisti ziedi un ziedu pu\u0161\u0137i ar pieg\u0101di l\u012bdz durv\u012bm | Pieg\u0101d\u0101jam ar\u012b uz cit\u0101m pils\u0113t\u0101m atsevi\u0161\u0137i vienojoties","breadcrumb":{"@id":"https:\/\/ainasziedi.lv\/en\/flower-delivery-in-riga\/#breadcrumb"},"inLanguage":"en-US","potentialAction":[{"@type":"ReadAction","target":["https:\/\/ainasziedi.lv\/en\/flower-delivery-in-riga\/"]}]},{"@type":"BreadcrumbList","@id":"https:\/\/ainasziedi.lv\/en\/flower-delivery-in-riga\/#breadcrumb","itemListElement":[{"@type":"ListItem","position":1,"name":"Home","item":"https:\/\/ainasziedi.lv\/"},{"@type":"ListItem","position":2,"name":"Flower delivery in Riga"}]},{"@type":"WebSite","@id":"https:\/\/ainasziedi.lv\/#website","url":"https:\/\/ainasziedi.lv\/","name":"Ziedu salons Aina","description":"Ziedu salons Aina","potentialAction":[{"@type":"SearchAction","target":{"@type":"EntryPoint","urlTemplate":"https:\/\/ainasziedi.lv\/?s={search_term_string}"},"query-input":{"@type":"PropertyValueSpecification","valueRequired":true,"valueName":"search_term_string"}}],"inLanguage":"en-US"}]}},"_links":{"self":[{"href":"https:\/\/ainasziedi.lv\/en\/wp-json\/wp\/v2\/pages\/74","targetHints":{"allow":["GET"]}}],"collection":[{"href":"https:\/\/ainasziedi.lv\/en\/wp-json\/wp\/v2\/pages"}],"about":[{"href":"https:\/\/ainasziedi.lv\/en\/wp-json\/wp\/v2\/types\/page"}],"author":[{"embeddable":true,"href":"https:\/\/ainasziedi.lv\/en\/wp-json\/wp\/v2\/users\/1"}],"replies":[{"embeddable":true,"href":"https:\/\/ainasziedi.lv\/en\/wp-json\/wp\/v2\/comments?post=74"}],"version-history":[{"count":55,"href":"https:\/\/ainasziedi.lv\/en\/wp-json\/wp\/v2\/pages\/74\/revisions"}],"predecessor-version":[{"id":11969,"href":"https:\/\/ainasziedi.lv\/en\/wp-json\/wp\/v2\/pages\/74\/revisions\/11969"}],"wp:attachment":[{"href":"https:\/\/ainasziedi.lv\/en\/wp-json\/wp\/v2\/media?parent=74"}],"curies":[{"name":"wp","href":"https:\/\/api.w.org\/{rel}","templated":true}]}}