{"id":837,"date":"2019-07-01T09:51:06","date_gmt":"2019-07-01T09:51:06","guid":{"rendered":"https:\/\/aina.grandem.lv\/?page_id=837"},"modified":"2025-09-11T10:33:41","modified_gmt":"2025-09-11T10:33:41","slug":"privacy-policy","status":"publish","type":"page","link":"https:\/\/ainasziedi.lv\/en\/privacy-policy\/","title":{"rendered":"Privacy policy"},"content":{"rendered":"\r\n<p>1.\u00a0 \u00a0 \u00a0 \u00a0<strong>Privacy policy<\/strong><\/p>\r\n<p>1.1.\u00a0 \u00a0This Privacy Policy is intended as a Limited Liability Company SIA \u201cAMG Ziedi\u201d registration number: 40103739969, legal address:Nomet\u0146u iela 9-15, R\u012bga, LV-1048, (hereinafter \u2013 the Seller) collects, uses and processes the personal information provided by the Buyer Seller\u2019s Internet site.<\/p>\r\n<p>1.2.\u00a0 \u00a0This Privacy Policy applies to the Seller\u2019s Internet site www.ainasziedi.lv(hereinafter \u2013 the Internet site), owned and managed by the Seller.<\/p>\r\n<p>1.3.\u00a0 \u00a0 This Privacy Policy applies to the collection, use, publication, transfer and storage of personal data of Buyers or users of this Internet site.<\/p>\r\n<p>2.<strong>\u00a0 \u00a0 \u00a0 Data acquisition and use<\/strong><\/p>\r\n<p>2.1.\u00a0 \u00a0Personal data is information about Buyer obtained by Seller, with Buyer\u2019s consent, necessary to comply with the terms of the concluded agreement, as well as for further contact with the Buyer.<\/p>\r\n<p>2.2.\u00a0 \u00a0The acquisition of customer data takes place when the Buyer provides contact information (name, surname, personal identification number, postal address, telephone number, e-mail address) on this website;<\/p>\r\n<p>2.3.\u00a0 \u00a0All Buyer\u2019s personal data is confidential except cases described in regulatory enactments.<\/p>\r\n<p>2.4.\u00a0 \u00a0The Seller also collects other information that is not relevant to a particular person \u2014 gender, age, language, country of residence \u2014 and is collected solely for statistical purposes.<\/p>\r\n<p>2.5.\u00a0 \u00a0By using the data obtained, the Seller may inform the Buyer about the goods, events and news related to the Internet site.<\/p>\r\n<p>2.6.\u00a0 \u00a0Any time the Buyer can delete his name from the mailing list if he does not want to receive information aboutproducts, events and news.<\/p>\r\n<p>2.7.\u00a0 \u00a0The Buyer\u2019s data is used for delivery of goods and fulfillment of obligations arising from the purchase contract.<\/p>\r\n<p>2.8.\u00a0 \u00a0The Seller undertakes to do his utmost to ensure proper data security.<\/p>\r\n<p>3.<strong>\u00a0 \u00a0 \u00a0 Data change<\/strong><\/p>\r\n<p>3.1.\u00a0 \u00a0 The Seller undertakes to ensure the accuracy and appropriateness of the customer data obtained.<\/p>\r\n<p>3.2.\u00a0 \u00a0 The Buyer informs the Seller via the e-mail about the change of data, ainasziedi@inbox.lv<\/p>\r\n<p>4.<strong>\u00a0 \u00a0 \u00a0 \u00a0Access to data<\/strong><\/p>\r\n<p>4.1.\u00a0 \u00a0 \u00a0The Seller may disclose Buyer Data if there is reason to believe that:<\/p>\r\n<p>4.1.1.\u00a0 this information is necessary for the identification, detection or prosecution of a person who is liable to cause any harm to another person or to the Seller, endangering his rights, property or activity, and to expose other users of this Internet site to such and similar risks; and\/or persons;<\/p>\r\n<p>4.1.2.\u00a0 \u00a0this should be done in the light of regulatory requirements, or when requested by the competent authorities.<\/p>\r\n<p>4.2.\u00a0 \u00a0 \u00a0 The Buyer, upon submitting a written request, is entitled to receive the following information:<\/p>\r\n<p>4.2.1.\u00a0 \u00a0what information has been obtained about him, source of data when the last data changes were made;<\/p>\r\n<p>4.2.2.\u00a0 for what purpose data processing, data on recipients of data were performed.<\/p>\r\n<p><strong>5.\u00a0 \u00a0 \u00a0 \u00a0 \u00a0Using Internet Protocol addresses<\/strong><\/p>\r\n<p>5.1.\u00a0 \u00a0 \u00a0 \u00a0An IP address is a set of numbers that are automatically assigned to a computer every time a user connects to their Internet service provider, then this IP address can automatically identify the user\u2019s computer.<\/p>\r\n<p>5.2.\u00a0 \u00a0 \u00a0 The Seller can collect these addresses for system administration and website audit purposes. The Seller does not intend to add a user\u2019s IP address to his or her personally identifying information, which means that every user\u2019s session is registered, but the user himself remains anonymous.<\/p>\r\n<p>5.3.\u00a0 \u00a0 \u00a0Seller may use these IP addresses to identify users of the site in situations when it considers it is necessary to ensure thatusers\u2019 behavior complies with the site\u2019s terms of use or to protect thesite or other users.<\/p>\r\n<p>6.<strong>\u00a0 \u00a0 \u00a0 \u00a0 Cookies<\/strong><\/p>\r\n<p>6.1.\u00a0 \u00a0 Cookies are very small text files that provide information on how often a user visits a website and what the user does in during his sessions. Cookies do not contain any personally identifying information, but if the user provides such information himself, this information can be combined with the data contained in the cookie.<\/p>\r\n<p>6.2.\u00a0 \u00a0 \u00a0The Seller may place cookies in user computer browsers.<\/p>\r\n<p>7.<strong>\u00a0 \u00a0 \u00a0 \u00a0 Security<\/strong><\/p>\r\n<p>7.1.\u00a0 \u00a0 \u00a0The Seller uses secure data systems and, if necessary, is also ready to take additional security measures to protect user data from disappearance, misuse and modification.<\/p>\r\n<p>7.2.\u00a0 \u00a0 \u00a0Access to the information entrusted to the Internet site by users is restricted to specially authorized Seller\u2019s employees. The Seller takes protective measures, however, it cannot fully guarantee that there will be no loss, misuse, or alteration of data.<\/p>\r\n<p>8.\u00a0 <strong>\u00a0 \u00a0 \u00a0 Binding conditions<\/strong><\/p>\r\n<p>By endorsing personal data and\/or other personal information, users of the Internet site attest that they are bound by these privacy policy conditions and that they acknowledge that the Seller is entitled to handle this information in cases and in the extent defined in this document.<\/p>\r\n<p>9.<strong>\u00a0 \u00a0 \u00a0 \u00a0 \u00a0Changes<\/strong><\/p>\r\n<p>This privacy policy can be updated at any time, and users are therefore encouraged to become familiar with them on a regular basis.<\/p>\r\n","protected":false},"excerpt":{"rendered":"<p>1.\u00a0 \u00a0 \u00a0 \u00a0Privacy policy 1.1.\u00a0 \u00a0This Privacy Policy is intended as a Limited Liability Company SIA \u201cAMG Ziedi\u201d registration number: 40103739969, legal address:Nomet\u0146u iela 9-15, R\u012bga, LV-1048, (hereinafter \u2013 the Seller) collects, uses and processes the personal information provided by the Buyer Seller\u2019s Internet site. 1.2.\u00a0 \u00a0This Privacy Policy applies to the Seller\u2019s Internet [&hellip;]<\/p>\n","protected":false},"author":1,"featured_media":0,"parent":0,"menu_order":26,"comment_status":"closed","ping_status":"closed","template":"","meta":{"_acf_changed":false,"inline_featured_image":false,"footnotes":""},"class_list":["post-837","page","type-page","status-publish","hentry"],"acf":[],"yoast_head":"<!-- This site is optimized with the Yoast SEO plugin v27.2 - https:\/\/yoast.com\/product\/yoast-seo-wordpress\/ -->\n<title>Konfidencialit\u0101tes politika<\/title>\n<meta name=\"description\" content=\"Konfidencialit\u0101tes politika | Konfidencialit\u0101tes politika ir paredz\u0113ta tam, k\u0101 SIA \u201eAMG Ziedi\u201d apkopo, izmanto un apstr\u0101d\u0101 personisko inform\u0101ciju.\" \/>\n<meta name=\"robots\" content=\"index, follow, max-snippet:-1, max-image-preview:large, max-video-preview:-1\" \/>\n<link rel=\"canonical\" href=\"https:\/\/ainasziedi.lv\/en\/privacy-policy\/\" \/>\n<meta property=\"og:locale\" content=\"en_US\" \/>\n<meta property=\"og:type\" content=\"article\" \/>\n<meta property=\"og:title\" content=\"Konfidencialit\u0101tes politika\" \/>\n<meta property=\"og:description\" content=\"Konfidencialit\u0101tes politika | Konfidencialit\u0101tes politika ir paredz\u0113ta tam, k\u0101 SIA \u201eAMG Ziedi\u201d apkopo, izmanto un apstr\u0101d\u0101 personisko inform\u0101ciju.\" \/>\n<meta property=\"og:url\" content=\"https:\/\/ainasziedi.lv\/en\/privacy-policy\/\" \/>\n<meta property=\"og:site_name\" content=\"Ziedu salons Aina\" \/>\n<meta property=\"article:modified_time\" content=\"2025-09-11T10:33:41+00:00\" \/>\n<meta name=\"twitter:card\" content=\"summary_large_image\" \/>\n<meta name=\"twitter:label1\" content=\"Est. reading time\" \/>\n\t<meta name=\"twitter:data1\" content=\"5 minutes\" \/>\n<script type=\"application\/ld+json\" class=\"yoast-schema-graph\">{\"@context\":\"https:\/\/schema.org\",\"@graph\":[{\"@type\":\"WebPage\",\"@id\":\"https:\/\/ainasziedi.lv\/en\/privacy-policy\/\",\"url\":\"https:\/\/ainasziedi.lv\/en\/privacy-policy\/\",\"name\":\"Konfidencialit\u0101tes politika\",\"isPartOf\":{\"@id\":\"https:\/\/ainasziedi.lv\/#website\"},\"datePublished\":\"2019-07-01T09:51:06+00:00\",\"dateModified\":\"2025-09-11T10:33:41+00:00\",\"description\":\"Konfidencialit\u0101tes politika | Konfidencialit\u0101tes politika ir paredz\u0113ta tam, k\u0101 SIA \u201eAMG Ziedi\u201d apkopo, izmanto un apstr\u0101d\u0101 personisko inform\u0101ciju.\",\"breadcrumb\":{\"@id\":\"https:\/\/ainasziedi.lv\/en\/privacy-policy\/#breadcrumb\"},\"inLanguage\":\"en-US\",\"potentialAction\":[{\"@type\":\"ReadAction\",\"target\":[\"https:\/\/ainasziedi.lv\/en\/privacy-policy\/\"]}]},{\"@type\":\"BreadcrumbList\",\"@id\":\"https:\/\/ainasziedi.lv\/en\/privacy-policy\/#breadcrumb\",\"itemListElement\":[{\"@type\":\"ListItem\",\"position\":1,\"name\":\"Home\",\"item\":\"https:\/\/ainasziedi.lv\/\"},{\"@type\":\"ListItem\",\"position\":2,\"name\":\"Privacy policy\"}]},{\"@type\":\"WebSite\",\"@id\":\"https:\/\/ainasziedi.lv\/#website\",\"url\":\"https:\/\/ainasziedi.lv\/\",\"name\":\"Ziedu salons Aina\",\"description\":\"Ziedu salons Aina\",\"potentialAction\":[{\"@type\":\"SearchAction\",\"target\":{\"@type\":\"EntryPoint\",\"urlTemplate\":\"https:\/\/ainasziedi.lv\/?s={search_term_string}\"},\"query-input\":{\"@type\":\"PropertyValueSpecification\",\"valueRequired\":true,\"valueName\":\"search_term_string\"}}],\"inLanguage\":\"en-US\"}]}<\/script>\n<!-- \/ Yoast SEO plugin. -->","yoast_head_json":{"title":"Konfidencialit\u0101tes politika","description":"Konfidencialit\u0101tes politika | Konfidencialit\u0101tes politika ir paredz\u0113ta tam, k\u0101 SIA \u201eAMG Ziedi\u201d apkopo, izmanto un apstr\u0101d\u0101 personisko inform\u0101ciju.","robots":{"index":"index","follow":"follow","max-snippet":"max-snippet:-1","max-image-preview":"max-image-preview:large","max-video-preview":"max-video-preview:-1"},"canonical":"https:\/\/ainasziedi.lv\/en\/privacy-policy\/","og_locale":"en_US","og_type":"article","og_title":"Konfidencialit\u0101tes politika","og_description":"Konfidencialit\u0101tes politika | Konfidencialit\u0101tes politika ir paredz\u0113ta tam, k\u0101 SIA \u201eAMG Ziedi\u201d apkopo, izmanto un apstr\u0101d\u0101 personisko inform\u0101ciju.","og_url":"https:\/\/ainasziedi.lv\/en\/privacy-policy\/","og_site_name":"Ziedu salons Aina","article_modified_time":"2025-09-11T10:33:41+00:00","twitter_card":"summary_large_image","twitter_misc":{"Est. reading time":"5 minutes"},"schema":{"@context":"https:\/\/schema.org","@graph":[{"@type":"WebPage","@id":"https:\/\/ainasziedi.lv\/en\/privacy-policy\/","url":"https:\/\/ainasziedi.lv\/en\/privacy-policy\/","name":"Konfidencialit\u0101tes politika","isPartOf":{"@id":"https:\/\/ainasziedi.lv\/#website"},"datePublished":"2019-07-01T09:51:06+00:00","dateModified":"2025-09-11T10:33:41+00:00","description":"Konfidencialit\u0101tes politika | Konfidencialit\u0101tes politika ir paredz\u0113ta tam, k\u0101 SIA \u201eAMG Ziedi\u201d apkopo, izmanto un apstr\u0101d\u0101 personisko inform\u0101ciju.","breadcrumb":{"@id":"https:\/\/ainasziedi.lv\/en\/privacy-policy\/#breadcrumb"},"inLanguage":"en-US","potentialAction":[{"@type":"ReadAction","target":["https:\/\/ainasziedi.lv\/en\/privacy-policy\/"]}]},{"@type":"BreadcrumbList","@id":"https:\/\/ainasziedi.lv\/en\/privacy-policy\/#breadcrumb","itemListElement":[{"@type":"ListItem","position":1,"name":"Home","item":"https:\/\/ainasziedi.lv\/"},{"@type":"ListItem","position":2,"name":"Privacy policy"}]},{"@type":"WebSite","@id":"https:\/\/ainasziedi.lv\/#website","url":"https:\/\/ainasziedi.lv\/","name":"Ziedu salons Aina","description":"Ziedu salons Aina","potentialAction":[{"@type":"SearchAction","target":{"@type":"EntryPoint","urlTemplate":"https:\/\/ainasziedi.lv\/?s={search_term_string}"},"query-input":{"@type":"PropertyValueSpecification","valueRequired":true,"valueName":"search_term_string"}}],"inLanguage":"en-US"}]}},"_links":{"self":[{"href":"https:\/\/ainasziedi.lv\/en\/wp-json\/wp\/v2\/pages\/837","targetHints":{"allow":["GET"]}}],"collection":[{"href":"https:\/\/ainasziedi.lv\/en\/wp-json\/wp\/v2\/pages"}],"about":[{"href":"https:\/\/ainasziedi.lv\/en\/wp-json\/wp\/v2\/types\/page"}],"author":[{"embeddable":true,"href":"https:\/\/ainasziedi.lv\/en\/wp-json\/wp\/v2\/users\/1"}],"replies":[{"embeddable":true,"href":"https:\/\/ainasziedi.lv\/en\/wp-json\/wp\/v2\/comments?post=837"}],"version-history":[{"count":11,"href":"https:\/\/ainasziedi.lv\/en\/wp-json\/wp\/v2\/pages\/837\/revisions"}],"predecessor-version":[{"id":11497,"href":"https:\/\/ainasziedi.lv\/en\/wp-json\/wp\/v2\/pages\/837\/revisions\/11497"}],"wp:attachment":[{"href":"https:\/\/ainasziedi.lv\/en\/wp-json\/wp\/v2\/media?parent=837"}],"curies":[{"name":"wp","href":"https:\/\/api.w.org\/{rel}","templated":true}]}}