{"id":2775,"date":"2019-09-24T07:01:29","date_gmt":"2019-09-24T07:01:29","guid":{"rendered":"https:\/\/ainasziedi.lv\/paldies\/"},"modified":"2021-05-07T11:53:39","modified_gmt":"2021-05-07T11:53:39","slug":"spasibo","status":"publish","type":"page","link":"https:\/\/ainasziedi.lv\/ru\/spasibo\/","title":{"rendered":"\u0421\u043f\u0430\u0441\u0438\u0431\u043e"},"content":{"rendered":"\r\n<div style=\"text-align: center;\">Paldies par pirkumu,<\/div>\r\n<div style=\"text-align: center;\">J\u016bsu pas\u016btijums tiks nog\u0101d\u0101ts nor\u0101d\u012btaj\u0101 viet\u0101 un laik\u0101.<\/div>\r\n<div style=\"text-align: center;\">Neskaidr\u012bbu gadijum\u0101 sazin\u0101simies ar Jums!<\/div>\r\n<p>&nbsp;<\/p>\r\n<div style=\"text-align: center;\">Ja rodas k\u0101di jaut\u0101jumi, dro\u0161i zvaniet mums &#8212; +371 29239897<\/div>\r\n<p>&nbsp;<\/p>\r\n","protected":false},"excerpt":{"rendered":"<p>Paldies par pirkumu, J\u016bsu pas\u016btijums tiks nog\u0101d\u0101ts nor\u0101d\u012btaj\u0101 viet\u0101 un laik\u0101. Neskaidr\u012bbu gadijum\u0101 sazin\u0101simies ar Jums! &nbsp; Ja rodas k\u0101di jaut\u0101jumi, dro\u0161i zvaniet mums &#8212; +371 29239897 &nbsp;<\/p>\n","protected":false},"author":1,"featured_media":0,"parent":0,"menu_order":23,"comment_status":"closed","ping_status":"closed","template":"page-thankyou.php","meta":{"_acf_changed":false,"inline_featured_image":false,"footnotes":""},"class_list":["post-2775","page","type-page","status-publish","hentry"],"acf":[],"yoast_head":"<!-- This site is optimized with the Yoast SEO plugin v27.2 - https:\/\/yoast.com\/product\/yoast-seo-wordpress\/ -->\n<title>Paldies par pirkumu<\/title>\n<meta name=\"description\" content=\"Paldies par pirkumu, J\u016bsu pas\u016btijums tiks nog\u0101d\u0101ts nor\u0101d\u012btaj\u0101 viet\u0101 un laik\u0101. Neskaidr\u012bbu gadijum\u0101 sazin\u0101simies ar Jums!\" \/>\n<meta name=\"robots\" content=\"index, follow, max-snippet:-1, max-image-preview:large, max-video-preview:-1\" \/>\n<link rel=\"canonical\" href=\"https:\/\/ainasziedi.lv\/ru\/spasibo\/\" \/>\n<meta property=\"og:locale\" content=\"ru_RU\" \/>\n<meta property=\"og:type\" content=\"article\" \/>\n<meta property=\"og:title\" content=\"Paldies par pirkumu\" \/>\n<meta property=\"og:description\" content=\"Paldies par pirkumu, J\u016bsu pas\u016btijums tiks nog\u0101d\u0101ts nor\u0101d\u012btaj\u0101 viet\u0101 un laik\u0101. Neskaidr\u012bbu gadijum\u0101 sazin\u0101simies ar Jums!\" \/>\n<meta property=\"og:url\" content=\"https:\/\/ainasziedi.lv\/ru\/spasibo\/\" \/>\n<meta property=\"og:site_name\" content=\"Ziedu salons Aina\" \/>\n<meta property=\"article:modified_time\" content=\"2021-05-07T11:53:39+00:00\" \/>\n<meta name=\"twitter:card\" content=\"summary_large_image\" \/>\n<script type=\"application\/ld+json\" class=\"yoast-schema-graph\">{\"@context\":\"https:\/\/schema.org\",\"@graph\":[{\"@type\":\"WebPage\",\"@id\":\"https:\/\/ainasziedi.lv\/ru\/spasibo\/\",\"url\":\"https:\/\/ainasziedi.lv\/ru\/spasibo\/\",\"name\":\"Paldies par pirkumu\",\"isPartOf\":{\"@id\":\"https:\/\/ainasziedi.lv\/#website\"},\"datePublished\":\"2019-09-24T07:01:29+00:00\",\"dateModified\":\"2021-05-07T11:53:39+00:00\",\"description\":\"Paldies par pirkumu, J\u016bsu pas\u016btijums tiks nog\u0101d\u0101ts nor\u0101d\u012btaj\u0101 viet\u0101 un laik\u0101. Neskaidr\u012bbu gadijum\u0101 sazin\u0101simies ar Jums!\",\"breadcrumb\":{\"@id\":\"https:\/\/ainasziedi.lv\/ru\/spasibo\/#breadcrumb\"},\"inLanguage\":\"ru-RU\",\"potentialAction\":[{\"@type\":\"ReadAction\",\"target\":[\"https:\/\/ainasziedi.lv\/ru\/spasibo\/\"]}]},{\"@type\":\"BreadcrumbList\",\"@id\":\"https:\/\/ainasziedi.lv\/ru\/spasibo\/#breadcrumb\",\"itemListElement\":[{\"@type\":\"ListItem\",\"position\":1,\"name\":\"Home\",\"item\":\"https:\/\/ainasziedi.lv\/\"},{\"@type\":\"ListItem\",\"position\":2,\"name\":\"\u0421\u043f\u0430\u0441\u0438\u0431\u043e\"}]},{\"@type\":\"WebSite\",\"@id\":\"https:\/\/ainasziedi.lv\/#website\",\"url\":\"https:\/\/ainasziedi.lv\/\",\"name\":\"Ziedu salons Aina\",\"description\":\"Ziedu salons Aina\",\"potentialAction\":[{\"@type\":\"SearchAction\",\"target\":{\"@type\":\"EntryPoint\",\"urlTemplate\":\"https:\/\/ainasziedi.lv\/?s={search_term_string}\"},\"query-input\":{\"@type\":\"PropertyValueSpecification\",\"valueRequired\":true,\"valueName\":\"search_term_string\"}}],\"inLanguage\":\"ru-RU\"}]}<\/script>\n<!-- \/ Yoast SEO plugin. -->","yoast_head_json":{"title":"Paldies par pirkumu","description":"Paldies par pirkumu, J\u016bsu pas\u016btijums tiks nog\u0101d\u0101ts nor\u0101d\u012btaj\u0101 viet\u0101 un laik\u0101. Neskaidr\u012bbu gadijum\u0101 sazin\u0101simies ar Jums!","robots":{"index":"index","follow":"follow","max-snippet":"max-snippet:-1","max-image-preview":"max-image-preview:large","max-video-preview":"max-video-preview:-1"},"canonical":"https:\/\/ainasziedi.lv\/ru\/spasibo\/","og_locale":"ru_RU","og_type":"article","og_title":"Paldies par pirkumu","og_description":"Paldies par pirkumu, J\u016bsu pas\u016btijums tiks nog\u0101d\u0101ts nor\u0101d\u012btaj\u0101 viet\u0101 un laik\u0101. Neskaidr\u012bbu gadijum\u0101 sazin\u0101simies ar Jums!","og_url":"https:\/\/ainasziedi.lv\/ru\/spasibo\/","og_site_name":"Ziedu salons Aina","article_modified_time":"2021-05-07T11:53:39+00:00","twitter_card":"summary_large_image","schema":{"@context":"https:\/\/schema.org","@graph":[{"@type":"WebPage","@id":"https:\/\/ainasziedi.lv\/ru\/spasibo\/","url":"https:\/\/ainasziedi.lv\/ru\/spasibo\/","name":"Paldies par pirkumu","isPartOf":{"@id":"https:\/\/ainasziedi.lv\/#website"},"datePublished":"2019-09-24T07:01:29+00:00","dateModified":"2021-05-07T11:53:39+00:00","description":"Paldies par pirkumu, J\u016bsu pas\u016btijums tiks nog\u0101d\u0101ts nor\u0101d\u012btaj\u0101 viet\u0101 un laik\u0101. Neskaidr\u012bbu gadijum\u0101 sazin\u0101simies ar Jums!","breadcrumb":{"@id":"https:\/\/ainasziedi.lv\/ru\/spasibo\/#breadcrumb"},"inLanguage":"ru-RU","potentialAction":[{"@type":"ReadAction","target":["https:\/\/ainasziedi.lv\/ru\/spasibo\/"]}]},{"@type":"BreadcrumbList","@id":"https:\/\/ainasziedi.lv\/ru\/spasibo\/#breadcrumb","itemListElement":[{"@type":"ListItem","position":1,"name":"Home","item":"https:\/\/ainasziedi.lv\/"},{"@type":"ListItem","position":2,"name":"\u0421\u043f\u0430\u0441\u0438\u0431\u043e"}]},{"@type":"WebSite","@id":"https:\/\/ainasziedi.lv\/#website","url":"https:\/\/ainasziedi.lv\/","name":"Ziedu salons Aina","description":"Ziedu salons Aina","potentialAction":[{"@type":"SearchAction","target":{"@type":"EntryPoint","urlTemplate":"https:\/\/ainasziedi.lv\/?s={search_term_string}"},"query-input":{"@type":"PropertyValueSpecification","valueRequired":true,"valueName":"search_term_string"}}],"inLanguage":"ru-RU"}]}},"_links":{"self":[{"href":"https:\/\/ainasziedi.lv\/ru\/wp-json\/wp\/v2\/pages\/2775","targetHints":{"allow":["GET"]}}],"collection":[{"href":"https:\/\/ainasziedi.lv\/ru\/wp-json\/wp\/v2\/pages"}],"about":[{"href":"https:\/\/ainasziedi.lv\/ru\/wp-json\/wp\/v2\/types\/page"}],"author":[{"embeddable":true,"href":"https:\/\/ainasziedi.lv\/ru\/wp-json\/wp\/v2\/users\/1"}],"replies":[{"embeddable":true,"href":"https:\/\/ainasziedi.lv\/ru\/wp-json\/wp\/v2\/comments?post=2775"}],"version-history":[{"count":2,"href":"https:\/\/ainasziedi.lv\/ru\/wp-json\/wp\/v2\/pages\/2775\/revisions"}],"predecessor-version":[{"id":3183,"href":"https:\/\/ainasziedi.lv\/ru\/wp-json\/wp\/v2\/pages\/2775\/revisions\/3183"}],"wp:attachment":[{"href":"https:\/\/ainasziedi.lv\/ru\/wp-json\/wp\/v2\/media?parent=2775"}],"curies":[{"name":"wp","href":"https:\/\/api.w.org\/{rel}","templated":true}]}}