{"id":2835,"date":"2018-09-28T07:45:26","date_gmt":"2018-09-28T07:45:26","guid":{"rendered":"https:\/\/ainasziedi.lv\/ziedu-piegade-riga\/"},"modified":"2026-01-05T08:33:51","modified_gmt":"2026-01-05T08:33:51","slug":"dostavka-tsvetov-po-rige","status":"publish","type":"page","link":"https:\/\/ainasziedi.lv\/ru\/dostavka-tsvetov-po-rige\/","title":{"rendered":"\u0414\u043e\u0441\u0442\u0430\u0432\u043a\u0430 \u0446\u0432\u0435\u0442\u043e\u0432 \u043f\u043e \u0420\u0438\u0433\u0435"},"content":{"rendered":"<h5>\u0414\u043e\u0441\u0442\u0430\u0432\u043a\u0430 \u0446\u0432\u0435\u0442\u043e\u0432 \u043f\u043e \u0420\u0438\u0433\u0435 \u0438 \u0434\u0440\u0443\u0433\u0438\u043c \u0433\u043e\u0440\u043e\u0434\u0430\u043c \u2013 \u044d\u0442\u043e \u043f\u0440\u043e\u0441\u0442\u043e \u0438 \u0432\u044b\u0433\u043e\u0434\u043d\u043e. \u041f\u043e\u0434\u0433\u043e\u0442\u043e\u0432\u0438\u043c \u0432\u044b\u0431\u0440\u0430\u043d\u043d\u044b\u0435 \u0412\u0430\u043c\u0438 \u0446\u0432\u0435\u0442\u044b \u0438 \u0434\u043e\u0441\u0442\u0430\u0432\u0438\u043c \u043a \u0434\u0432\u0435\u0440\u044f\u043c \u0430\u0434\u0440\u0435\u0441\u0430\u0442\u0430.<\/h5>\n<p>&nbsp;<\/p>\n<h6>\u041a\u0430\u043a \u043f\u0440\u043e\u0438\u0441\u0445\u043e\u0434\u0438\u0442 \u0434\u043e\u0441\u0442\u0430\u0432\u043a\u0430 \u0446\u0432\u0435\u0442\u043e\u0432 \u0438 \u0441\u043a\u043e\u043b\u044c\u043a\u043e \u044d\u0442\u043e \u0441\u0442\u043e\u0438\u0442?<\/h6>\n<table>\n<tbody>\n<tr>\n<td class=\"center no-wrap\">6,50\u20ac<\/td>\n<td style=\"min-width: 300px;\">\u0414\u043e\u0441\u0442\u0430\u0432\u043a\u0430 \u0446\u0432\u0435\u0442\u043e\u0432 \u0432 \u0410\u0433\u0435\u043d\u0441\u043a\u0430\u043b\u043d\u0441\u0435.<\/td>\n<\/tr>\n<tr>\n<td class=\"center no-wrap\">8,50\u20ac<\/td>\n<td style=\"min-width: 300px;\">\u0414\u043e\u0441\u0442\u0430\u0432\u043a\u0430 \u0446\u0432\u0435\u0442\u043e\u0432 \u0432 \u043c\u0438\u043a\u0440\u043e\u0440\u0430\u0439\u043e\u043d\u044b: \u0414\u0437\u0438\u0440\u0446\u0438\u0435\u043c\u0441, \u0418\u043b\u044c\u0433\u044e\u0446\u0438\u0435\u043c\u0441, \u0418\u043c\u0430\u043d\u0442\u0430, \u041a\u043b\u0435\u0439\u0441\u0442\u0438: \u041a\u0438\u043f\u0441\u0430\u043b\u0430,\u00a0 \u0421\u043f\u0438\u043b\u0432\u0435, \u0412\u043e\u043b\u0435\u0440\u0438, \u0417\u0430\u0441\u0443\u043b\u0430\u0443\u043a\u0441, \u0410\u0442\u0433\u0430\u0437\u0435\u043d\u0435, \u0411\u0438\u0435\u0440\u0438\u043d\u0438, \u0411\u0438\u0448\u0443\u043c\u0443\u0439\u0436\u0430, \u041a\u0430\u0442\u043b\u0430\u043a\u0430\u043b\u043d\u0441, \u041f\u043b\u0435\u0441\u043a\u043e\u0434\u0430\u043b\u0435, \u0421\u0430\u043b\u0430\u0441, \u0428\u0430\u043c\u043f\u0435\u0442\u0435\u0440\u0438\u0441, \u0422\u043e\u0440\u043d\u044f\u043a\u0430\u043b\u043d\u0441, \u0417\u0438\u0435\u043f\u043d\u0438\u0435\u043a\u043a\u0430\u043b\u043d\u0441, \u0417\u043e\u043b\u0438\u0442\u0443\u0434\u0435.<\/td>\n<\/tr>\n<tr>\n<td class=\"center no-wrap\">8,50\u20ac<\/td>\n<td style=\"min-width: 300px;\">\u0414\u043e\u0441\u0442\u0430\u0432\u043a\u0430 \u0446\u0432\u0435\u0442\u043e\u0432 \u0432 \u0446\u0435\u043d\u0442\u0440 \u0420\u0438\u0433\u0438 \u0438 \u0421\u0442\u0430\u0440\u044b\u0439 \u0433\u043e\u0440\u043e\u0434.<\/td>\n<\/tr>\n<tr>\n<td class=\"center no-wrap\">10,00\u20ac<\/td>\n<td style=\"min-width: 300px;\">\u0414\u043e\u0441\u0442\u0430\u0432\u043a\u0430 \u0446\u0432\u0435\u0442\u043e\u0432 \u0432 \u043c\u0438\u043a\u0440\u043e\u0440\u0430\u0439\u043e\u043d\u044b: \u0411\u0435\u0431\u0435\u0440\u0431\u0435\u043a\u0438, \u0411\u043e\u043b\u0434\u0435\u0440\u0430\u044f, \u0414\u0430\u0443\u0433\u0430\u0432\u0433\u0440\u0438\u0432\u0430, \u0427\u0438\u0435\u043a\u0443\u0440\u043a\u0430\u043b\u043d\u0441, \u042f\u0443\u043d\u0446\u0438\u0435\u043c\u0441, \u041a\u0443\u043d\u0434\u0437\u0438\u043d\u044c\u0441\u0430\u043b\u0430, \u041c\u0435\u0436\u0430\u043f\u0430\u0440\u043a, \u041c\u0438\u043b\u0433\u0440\u0430\u0432\u0438\u0441, \u041f\u0435\u0442\u0435\u0440\u0441\u0430\u043b\u0430-\u0410\u043d\u0434\u0440\u0435\u0439\u0441\u0430\u043b\u0430, \u0421\u0430\u0440\u043a\u0430\u043d\u0434\u0430\u0443\u0433\u0430\u0432\u0430, \u0412\u0435\u0446\u0434\u0430\u0443\u0433\u0430\u0432\u0430, \u0411\u0435\u0440\u0433\u0438, \u0411\u0440\u0430\u0441\u0430, \u0411\u0440\u0435\u043a\u0448\u0438, \u0411\u0443\u043a\u0443\u043b\u0442\u0438, \u0414\u0440\u0435\u0439\u043b\u0438\u043d\u0438, \u042e\u0433\u043b\u0430, \u041c\u0435\u0436\u0446\u0438\u0435\u043c\u0441, \u041f\u0443\u0440\u0432\u0446\u0438\u0435\u043c\u0441, \u0421\u0443\u0436\u0438, \u0422\u0435\u0439\u043a\u0430, \u0414\u0430\u0440\u0437\u0446\u0438\u0435\u043c\u0441, \u0414\u0430\u0440\u0437\u0438\u043d\u0438, \u0413\u0440\u0438\u0437\u0438\u043d\u044c\u043a\u0430\u043b\u043d\u0441, \u041a\u0435\u043d\u0433\u0430\u0440\u0430\u0433\u0441, \u041c\u043e\u0441\u043a\u043e\u0432\u0441\u043a\u043e\u0435 \u043f\u0440\u0435\u0434\u043c\u0435\u0441\u0442\u044c\u0435, \u041f\u043b\u044f\u0432\u043d\u0438\u0435\u043a\u0438, \u0420\u0443\u043c\u0431\u0443\u043b\u0430, \u041c\u0430\u0440\u0443\u043f\u0435, \u0428\u043a\u0438\u0440\u043e\u0442\u0430\u0432\u0430.<\/td>\n<\/tr>\n<tr>\n<td class=\"center no-wrap\">25,00\u20ac<\/td>\n<td style=\"min-width: 300px;\">\u0414\u043e\u0441\u0442\u0430\u0432\u043a\u0430 \u0446\u0432\u0435\u0442\u043e\u0432(\u0420\u0430\u0434\u0438\u0443\u0441 30\u043a\u043c \u043e\u0442 \u0441\u0430\u043b\u043e\u043d\u0430):<span style=\"font-family: inherit; font-size: inherit;\">\u042e\u0440\u043c\u0430\u043b\u0430, \u0412\u0435\u0446\u0430\u043a\u0438, \u0422\u0440\u0438\u0441\u0446\u0438\u0435\u043c\u0441, \u041c\u0430\u043d\u0433\u0430\u043b\u044c\u0441\u0430\u043b\u0430, \u0412\u0435\u0446\u043c\u0438\u043b\u0433\u0440\u0430\u0432\u0438\u0441, \u0411\u0430\u0431\u0438\u0442\u0441\u043a\u0438\u0439 \u043a\u0440\u0430\u0439, \u041a\u0435\u043a\u0430\u0432\u0441\u043a\u0438\u0439 \u043a\u0440\u0430\u0439, \u0421\u0430\u043b\u0430\u0441\u043f\u0438\u043b\u0441\u043a\u0438\u0439 \u043a\u0440\u0430\u0439, \u0421\u0442\u043e\u043f\u0438\u043d\u044c\u0441\u043a\u0438\u0439 \u043a\u0440\u0430\u0439, \u0413\u0430\u0440\u043a\u0430\u043b\u043d\u0441\u043a\u0438\u0439 \u043a\u0440\u0430\u0439, \u0426\u0430\u0440\u043d\u0438\u043a\u0430\u0432\u0441\u043a\u0438\u0439 \u043a\u0440\u0430\u0439, \u0410\u0434\u0430\u0436\u0441\u043a\u0438\u0439 \u043a\u0440\u0430\u0439.<\/span><\/td>\n<\/tr>\n<\/tbody>\n<\/table>\n<p>&nbsp;<\/p>\n<p>\u0415\u0441\u043b\u0438 \u0430\u0434\u0440\u0435\u0441\u0430\u0442\u0443 \u043d\u0435 \u0443\u0434\u0430\u043b\u043e\u0441\u044c \u0434\u043e\u0437\u0432\u043e\u043d\u0438\u0442\u044c\u0441\u044f \u0438\u043b\u0438 \u0435\u0433\u043e \u043d\u0435\u0442 \u0434\u043e\u043c\u0430, \u0437\u0430\u043a\u0430\u0437 \u0432\u043e\u0437\u0432\u0440\u0430\u0449\u0430\u0435\u0442\u0441\u044f \u041f\u0440\u043e\u0434\u0430\u0432\u0446\u0443 \u0438 \u043f\u043e\u0432\u0442\u043e\u0440\u043d\u043e \u0434\u043e\u0441\u0442\u0430\u0432\u043b\u044f\u0435\u0442\u0441\u044f \u043f\u043e \u0443\u043a\u0430\u0437\u0430\u043d\u043d\u043e\u043c\u0443 \u0430\u0434\u0440\u0435\u0441\u0443 \u0432 \u0434\u0440\u0443\u0433\u043e\u0435 \u0432\u0440\u0435\u043c\u044f (\u043d\u0435\u043e\u0431\u0445\u043e\u0434\u0438\u043c\u043e \u0434\u043e\u043f\u043b\u0430\u0442\u0438\u0442\u044c \u0437\u0430 \u043f\u043e\u0432\u0442\u043e\u0440\u043d\u0443\u044e \u0434\u043e\u0441\u0442\u0430\u0432\u043a\u0443), \u043b\u0438\u0431\u043e \u0437\u0430\u043a\u0430\u0437 \u043c\u043e\u0436\u043d\u043e \u043f\u043e\u043b\u0443\u0447\u0438\u0442\u044c \u0431\u0435\u0441\u043f\u043b\u0430\u0442\u043d\u043e \u0432 \u0441\u0430\u043b\u043e\u043d\u0435 \u043f\u043e \u0430\u0434\u0440\u0435\u0441\u0443 \u0443\u043b\u0438\u0446\u0430 \u041d\u043e\u043c\u0435\u0442\u043d\u0435\u0441, 9, \u0420\u0438\u0433\u0430<\/p>\n<p>&nbsp;<\/p>\n<p>\u041c\u044b \u0441\u043e\u043e\u0431\u0449\u0438\u043c \u043e \u0434\u043e\u0441\u0442\u0430\u0432\u043a\u0435 \u0437\u0430\u043a\u0430\u0437\u0430 \u043f\u043e\u043b\u0443\u0447\u0430\u0442\u0435\u043b\u044e \u043f\u0443\u0442\u0435\u043c \u043e\u0442\u043f\u0440\u0430\u0432\u043b\u0435\u043d\u0438\u044f \u0441\u043c\u0441-\u0441\u043e\u043e\u0431\u0449\u0435\u043d\u0438\u044f.<\/p>\n<p>\u0415\u0441\u043b\u0438 \u043d\u0443\u0436\u043d\u0430 \u0431\u044b\u0441\u0442\u0440\u0430\u044f \u0434\u043e\u0441\u0442\u0430\u0432\u043a\u0430 \u2013 \u043b\u0443\u0447\u0448\u0435 \u0441\u0432\u044f\u0437\u0430\u0442\u044c\u0441\u044f \u0441 \u043d\u0430\u043c\u0438 \u043f\u043e \u0442\u0435\u043b\u0435\u0444\u043e\u043d\u0443<\/p>\n<p>&nbsp;<\/p>\n<p>\u0414\u043e\u0441\u0442\u0430\u0432\u043a\u0430 \u0446\u0432\u0435\u0442\u043e\u0432 \u0432\u043e\u0437\u043c\u043e\u0436\u043d\u0430 \u0442\u0430\u043a\u0436\u0435 \u0432 \u0434\u0440\u0443\u0433\u0438\u0435 \u0433\u043e\u0440\u043e\u0434\u0430, \u043e\u0431 \u044d\u0442\u043e\u043c \u043d\u0435\u043e\u0431\u0445\u043e\u0434\u0438\u043c\u043e \u0434\u043e\u0433\u043e\u0432\u043e\u0440\u0438\u0442\u044c\u0441\u044f \u043e\u0442\u0434\u0435\u043b\u044c\u043d\u043e \u043f\u043e \u0442\u0435\u043b\u0435\u0444\u043e\u043d\u0443 <a href=\"tel:+371 29239897\"><strong>+371 29239897<\/strong><\/a> \u0438\u043b\u0438 \u043f\u043e \u044d\u043b. \u043f\u043e\u0447\u0442\u0435 <a href=\"mailto:ainasziedi@inbox.lv\"><strong>ainasziedi@inbox.lv<\/strong><\/a><\/p>\n<p>\u0417\u0430\u043a\u0430\u0437\u044b \u043c\u044b \u043e\u0431\u0440\u0430\u0431\u0430\u0442\u044b\u0432\u0430\u0435\u043c \u0432 \u0440\u0430\u0431\u043e\u0447\u0435\u0435 \u0432\u0440\u0435\u043c\u044f \u043c\u0430\u0433\u0430\u0437\u0438\u043d\u0430 <strong>(\u0440\u0430\u0431\u043e\u0447\u0438\u0435 \u0434\u043d\u0438 8:00-20:00, \u0441\u0443\u0431\u0431\u043e\u0442\u0430 8:00\u201319:00, \u0432\u043e\u0441\u043a\u0440\u0435\u0441\u0435\u043d\u044c\u0435 10:00\u201318:00), <\/strong>\u0435\u0441\u043b\u0438 \u0437\u0430\u043a\u0430\u0437 \u0441\u0434\u0435\u043b\u0430\u043d \u0432 \u043d\u0435\u0440\u0430\u0431\u043e\u0447\u0435\u0435 \u0432\u0440\u0435\u043c\u044f, \u0434\u043e\u0441\u0442\u0430\u0432\u043a\u0430 \u043e\u0441\u0443\u0449\u0435\u0441\u0442\u0432\u043b\u044f\u0435\u0442\u0441\u044f \u043d\u0430 \u0441\u043b\u0435\u0434\u0443\u044e\u0449\u0438\u0439 \u0434\u0435\u043d\u044c \u043f\u043e\u0441\u043b\u0435 10:00<\/p>\n<p>\u0415\u0441\u043b\u0438 \u0432\u044b \u0445\u043e\u0442\u0438\u0442\u0435, \u0447\u0442\u043e\u0431\u044b \u0434\u043e\u0441\u0442\u0430\u0432\u043a\u0430 \u0431\u044b\u043b\u0430 \u043e\u0441\u0443\u0449\u0435\u0441\u0442\u0432\u043b\u0435\u043d\u0430 \u0432 \u0442\u043e\u0442 \u0436\u0435 \u0434\u0435\u043d\u044c, \u0437\u0430\u043a\u0430\u0437 \u043d\u0435\u043e\u0431\u0445\u043e\u0434\u0438\u043c\u043e \u0441\u0434\u0435\u043b\u0430\u0442\u044c: <strong>\u0432 \u0440\u0430\u0431\u043e\u0447\u0438\u0435 \u0434\u043d\u0438 \u0434\u043e 16:00, \u0432 \u0432\u044b\u0445\u043e\u0434\u043d\u044b\u0435 \u0434\u043d\u0438 \u0434\u043e 12:00<\/strong><\/p>\n<p>\u0412 \u043f\u0440\u0430\u0437\u0434\u043d\u0438\u043a\u0438, \u0442\u0430\u043a\u0438\u0435 \u043a\u0430\u043a \u0414\u0435\u043d\u044c \u0441\u0432. \u0412\u0430\u043b\u0435\u043d\u0442\u0438\u043d\u0430, 8 \u043c\u0430\u0440\u0442\u0430, \u0437\u0430\u043a\u0430\u0437 \u043d\u0435\u043e\u0431\u0445\u043e\u0434\u0438\u043c\u043e \u0441\u0434\u0435\u043b\u0430\u0442\u044c \u0437\u0430 2\u20133 \u0434\u043d\u044f, \u0447\u0442\u043e\u0431\u044b \u043c\u044b \u0443\u0441\u043f\u0435\u043b\u0438 \u043e\u0441\u0443\u0449\u0435\u0441\u0442\u0432\u0438\u0442\u044c \u0434\u043e\u0441\u0442\u0430\u0432\u043a\u0443 \u0432 \u0443\u043a\u0430\u0437\u0430\u043d\u043d\u043e\u0435 \u0432\u0440\u0435\u043c\u044f \u0438 \u043c\u0435\u0441\u0442\u043e.<\/p>\n<p><strong>\u041c\u0438\u043d\u0438\u043c\u0430\u043b\u044c\u043d\u0430\u044f \u0441\u0443\u043c\u043c\u0430 \u0437\u0430\u043a\u0430\u0437\u0430 \u2013 25,00\u00a0\u0435\u0432\u0440\u043e.<\/strong><\/p>\n","protected":false},"excerpt":{"rendered":"<p>\u0414\u043e\u0441\u0442\u0430\u0432\u043a\u0430 \u0446\u0432\u0435\u0442\u043e\u0432 \u043f\u043e \u0420\u0438\u0433\u0435 \u0438 \u0434\u0440\u0443\u0433\u0438\u043c \u0433\u043e\u0440\u043e\u0434\u0430\u043c \u2013 \u044d\u0442\u043e \u043f\u0440\u043e\u0441\u0442\u043e \u0438 \u0432\u044b\u0433\u043e\u0434\u043d\u043e. \u041f\u043e\u0434\u0433\u043e\u0442\u043e\u0432\u0438\u043c \u0432\u044b\u0431\u0440\u0430\u043d\u043d\u044b\u0435 \u0412\u0430\u043c\u0438 \u0446\u0432\u0435\u0442\u044b \u0438 \u0434\u043e\u0441\u0442\u0430\u0432\u0438\u043c \u043a \u0434\u0432\u0435\u0440\u044f\u043c \u0430\u0434\u0440\u0435\u0441\u0430\u0442\u0430. &nbsp; \u041a\u0430\u043a \u043f\u0440\u043e\u0438\u0441\u0445\u043e\u0434\u0438\u0442 \u0434\u043e\u0441\u0442\u0430\u0432\u043a\u0430 \u0446\u0432\u0435\u0442\u043e\u0432 \u0438 \u0441\u043a\u043e\u043b\u044c\u043a\u043e \u044d\u0442\u043e \u0441\u0442\u043e\u0438\u0442? 6,50\u20ac \u0414\u043e\u0441\u0442\u0430\u0432\u043a\u0430 \u0446\u0432\u0435\u0442\u043e\u0432 \u0432 \u0410\u0433\u0435\u043d\u0441\u043a\u0430\u043b\u043d\u0441\u0435. 8,50\u20ac \u0414\u043e\u0441\u0442\u0430\u0432\u043a\u0430 \u0446\u0432\u0435\u0442\u043e\u0432 \u0432 \u043c\u0438\u043a\u0440\u043e\u0440\u0430\u0439\u043e\u043d\u044b: \u0414\u0437\u0438\u0440\u0446\u0438\u0435\u043c\u0441, \u0418\u043b\u044c\u0433\u044e\u0446\u0438\u0435\u043c\u0441, \u0418\u043c\u0430\u043d\u0442\u0430, \u041a\u043b\u0435\u0439\u0441\u0442\u0438: \u041a\u0438\u043f\u0441\u0430\u043b\u0430,\u00a0 \u0421\u043f\u0438\u043b\u0432\u0435, \u0412\u043e\u043b\u0435\u0440\u0438, \u0417\u0430\u0441\u0443\u043b\u0430\u0443\u043a\u0441, \u0410\u0442\u0433\u0430\u0437\u0435\u043d\u0435, \u0411\u0438\u0435\u0440\u0438\u043d\u0438, \u0411\u0438\u0448\u0443\u043c\u0443\u0439\u0436\u0430, \u041a\u0430\u0442\u043b\u0430\u043a\u0430\u043b\u043d\u0441, \u041f\u043b\u0435\u0441\u043a\u043e\u0434\u0430\u043b\u0435, \u0421\u0430\u043b\u0430\u0441, \u0428\u0430\u043c\u043f\u0435\u0442\u0435\u0440\u0438\u0441, [&hellip;]<\/p>\n","protected":false},"author":1,"featured_media":0,"parent":0,"menu_order":82,"comment_status":"closed","ping_status":"closed","template":"page-delivery.php","meta":{"_acf_changed":false,"inline_featured_image":false,"footnotes":""},"class_list":["post-2835","page","type-page","status-publish","hentry"],"acf":[],"yoast_head":"<!-- This site is optimized with the Yoast SEO plugin v27.2 - https:\/\/yoast.com\/product\/yoast-seo-wordpress\/ -->\n<title>Ziedu pieg\u0101de R\u012bg\u0101 - \u0101tri un izdev\u012bgi<\/title>\n<meta name=\"description\" content=\"Ziedu pieg\u0101de R\u012bg\u0101 | \u0100tra as\u016bt\u012bjumu izpilde | Skaisti ziedi un ziedu pu\u0161\u0137i ar pieg\u0101di l\u012bdz durv\u012bm | Pieg\u0101d\u0101jam ar\u012b uz cit\u0101m pils\u0113t\u0101m atsevi\u0161\u0137i vienojoties\" \/>\n<meta name=\"robots\" content=\"index, follow, max-snippet:-1, max-image-preview:large, max-video-preview:-1\" \/>\n<link rel=\"canonical\" href=\"https:\/\/ainasziedi.lv\/ru\/dostavka-tsvetov-po-rige\/\" \/>\n<meta property=\"og:locale\" content=\"ru_RU\" \/>\n<meta property=\"og:type\" content=\"article\" \/>\n<meta property=\"og:title\" content=\"Ziedu pieg\u0101de R\u012bg\u0101 - \u0101tri un izdev\u012bgi\" \/>\n<meta property=\"og:description\" content=\"Ziedu pieg\u0101de R\u012bg\u0101 | \u0100tra as\u016bt\u012bjumu izpilde | Skaisti ziedi un ziedu pu\u0161\u0137i ar pieg\u0101di l\u012bdz durv\u012bm | Pieg\u0101d\u0101jam ar\u012b uz cit\u0101m pils\u0113t\u0101m atsevi\u0161\u0137i vienojoties\" \/>\n<meta property=\"og:url\" content=\"https:\/\/ainasziedi.lv\/ru\/dostavka-tsvetov-po-rige\/\" \/>\n<meta property=\"og:site_name\" content=\"Ziedu salons Aina\" \/>\n<meta property=\"article:modified_time\" content=\"2026-01-05T08:33:51+00:00\" \/>\n<meta name=\"twitter:card\" content=\"summary_large_image\" \/>\n<meta name=\"twitter:label1\" content=\"\u041f\u0440\u0438\u043c\u0435\u0440\u043d\u043e\u0435 \u0432\u0440\u0435\u043c\u044f \u0434\u043b\u044f \u0447\u0442\u0435\u043d\u0438\u044f\" \/>\n\t<meta name=\"twitter:data1\" content=\"2 \u043c\u0438\u043d\u0443\u0442\u044b\" \/>\n<script type=\"application\/ld+json\" class=\"yoast-schema-graph\">{\"@context\":\"https:\/\/schema.org\",\"@graph\":[{\"@type\":\"WebPage\",\"@id\":\"https:\/\/ainasziedi.lv\/ru\/dostavka-tsvetov-po-rige\/\",\"url\":\"https:\/\/ainasziedi.lv\/ru\/dostavka-tsvetov-po-rige\/\",\"name\":\"Ziedu pieg\u0101de R\u012bg\u0101 - \u0101tri un izdev\u012bgi\",\"isPartOf\":{\"@id\":\"https:\/\/ainasziedi.lv\/#website\"},\"datePublished\":\"2018-09-28T07:45:26+00:00\",\"dateModified\":\"2026-01-05T08:33:51+00:00\",\"description\":\"Ziedu pieg\u0101de R\u012bg\u0101 | \u0100tra as\u016bt\u012bjumu izpilde | Skaisti ziedi un ziedu pu\u0161\u0137i ar pieg\u0101di l\u012bdz durv\u012bm | Pieg\u0101d\u0101jam ar\u012b uz cit\u0101m pils\u0113t\u0101m atsevi\u0161\u0137i vienojoties\",\"breadcrumb\":{\"@id\":\"https:\/\/ainasziedi.lv\/ru\/dostavka-tsvetov-po-rige\/#breadcrumb\"},\"inLanguage\":\"ru-RU\",\"potentialAction\":[{\"@type\":\"ReadAction\",\"target\":[\"https:\/\/ainasziedi.lv\/ru\/dostavka-tsvetov-po-rige\/\"]}]},{\"@type\":\"BreadcrumbList\",\"@id\":\"https:\/\/ainasziedi.lv\/ru\/dostavka-tsvetov-po-rige\/#breadcrumb\",\"itemListElement\":[{\"@type\":\"ListItem\",\"position\":1,\"name\":\"Home\",\"item\":\"https:\/\/ainasziedi.lv\/\"},{\"@type\":\"ListItem\",\"position\":2,\"name\":\"\u0414\u043e\u0441\u0442\u0430\u0432\u043a\u0430 \u0446\u0432\u0435\u0442\u043e\u0432 \u043f\u043e \u0420\u0438\u0433\u0435\"}]},{\"@type\":\"WebSite\",\"@id\":\"https:\/\/ainasziedi.lv\/#website\",\"url\":\"https:\/\/ainasziedi.lv\/\",\"name\":\"Ziedu salons Aina\",\"description\":\"Ziedu salons Aina\",\"potentialAction\":[{\"@type\":\"SearchAction\",\"target\":{\"@type\":\"EntryPoint\",\"urlTemplate\":\"https:\/\/ainasziedi.lv\/?s={search_term_string}\"},\"query-input\":{\"@type\":\"PropertyValueSpecification\",\"valueRequired\":true,\"valueName\":\"search_term_string\"}}],\"inLanguage\":\"ru-RU\"}]}<\/script>\n<!-- \/ Yoast SEO plugin. -->","yoast_head_json":{"title":"Ziedu pieg\u0101de R\u012bg\u0101 - \u0101tri un izdev\u012bgi","description":"Ziedu pieg\u0101de R\u012bg\u0101 | \u0100tra as\u016bt\u012bjumu izpilde | Skaisti ziedi un ziedu pu\u0161\u0137i ar pieg\u0101di l\u012bdz durv\u012bm | Pieg\u0101d\u0101jam ar\u012b uz cit\u0101m pils\u0113t\u0101m atsevi\u0161\u0137i vienojoties","robots":{"index":"index","follow":"follow","max-snippet":"max-snippet:-1","max-image-preview":"max-image-preview:large","max-video-preview":"max-video-preview:-1"},"canonical":"https:\/\/ainasziedi.lv\/ru\/dostavka-tsvetov-po-rige\/","og_locale":"ru_RU","og_type":"article","og_title":"Ziedu pieg\u0101de R\u012bg\u0101 - \u0101tri un izdev\u012bgi","og_description":"Ziedu pieg\u0101de R\u012bg\u0101 | \u0100tra as\u016bt\u012bjumu izpilde | Skaisti ziedi un ziedu pu\u0161\u0137i ar pieg\u0101di l\u012bdz durv\u012bm | Pieg\u0101d\u0101jam ar\u012b uz cit\u0101m pils\u0113t\u0101m atsevi\u0161\u0137i vienojoties","og_url":"https:\/\/ainasziedi.lv\/ru\/dostavka-tsvetov-po-rige\/","og_site_name":"Ziedu salons Aina","article_modified_time":"2026-01-05T08:33:51+00:00","twitter_card":"summary_large_image","twitter_misc":{"\u041f\u0440\u0438\u043c\u0435\u0440\u043d\u043e\u0435 \u0432\u0440\u0435\u043c\u044f \u0434\u043b\u044f \u0447\u0442\u0435\u043d\u0438\u044f":"2 \u043c\u0438\u043d\u0443\u0442\u044b"},"schema":{"@context":"https:\/\/schema.org","@graph":[{"@type":"WebPage","@id":"https:\/\/ainasziedi.lv\/ru\/dostavka-tsvetov-po-rige\/","url":"https:\/\/ainasziedi.lv\/ru\/dostavka-tsvetov-po-rige\/","name":"Ziedu pieg\u0101de R\u012bg\u0101 - \u0101tri un izdev\u012bgi","isPartOf":{"@id":"https:\/\/ainasziedi.lv\/#website"},"datePublished":"2018-09-28T07:45:26+00:00","dateModified":"2026-01-05T08:33:51+00:00","description":"Ziedu pieg\u0101de R\u012bg\u0101 | \u0100tra as\u016bt\u012bjumu izpilde | Skaisti ziedi un ziedu pu\u0161\u0137i ar pieg\u0101di l\u012bdz durv\u012bm | Pieg\u0101d\u0101jam ar\u012b uz cit\u0101m pils\u0113t\u0101m atsevi\u0161\u0137i vienojoties","breadcrumb":{"@id":"https:\/\/ainasziedi.lv\/ru\/dostavka-tsvetov-po-rige\/#breadcrumb"},"inLanguage":"ru-RU","potentialAction":[{"@type":"ReadAction","target":["https:\/\/ainasziedi.lv\/ru\/dostavka-tsvetov-po-rige\/"]}]},{"@type":"BreadcrumbList","@id":"https:\/\/ainasziedi.lv\/ru\/dostavka-tsvetov-po-rige\/#breadcrumb","itemListElement":[{"@type":"ListItem","position":1,"name":"Home","item":"https:\/\/ainasziedi.lv\/"},{"@type":"ListItem","position":2,"name":"\u0414\u043e\u0441\u0442\u0430\u0432\u043a\u0430 \u0446\u0432\u0435\u0442\u043e\u0432 \u043f\u043e \u0420\u0438\u0433\u0435"}]},{"@type":"WebSite","@id":"https:\/\/ainasziedi.lv\/#website","url":"https:\/\/ainasziedi.lv\/","name":"Ziedu salons Aina","description":"Ziedu salons Aina","potentialAction":[{"@type":"SearchAction","target":{"@type":"EntryPoint","urlTemplate":"https:\/\/ainasziedi.lv\/?s={search_term_string}"},"query-input":{"@type":"PropertyValueSpecification","valueRequired":true,"valueName":"search_term_string"}}],"inLanguage":"ru-RU"}]}},"_links":{"self":[{"href":"https:\/\/ainasziedi.lv\/ru\/wp-json\/wp\/v2\/pages\/2835","targetHints":{"allow":["GET"]}}],"collection":[{"href":"https:\/\/ainasziedi.lv\/ru\/wp-json\/wp\/v2\/pages"}],"about":[{"href":"https:\/\/ainasziedi.lv\/ru\/wp-json\/wp\/v2\/types\/page"}],"author":[{"embeddable":true,"href":"https:\/\/ainasziedi.lv\/ru\/wp-json\/wp\/v2\/users\/1"}],"replies":[{"embeddable":true,"href":"https:\/\/ainasziedi.lv\/ru\/wp-json\/wp\/v2\/comments?post=2835"}],"version-history":[{"count":28,"href":"https:\/\/ainasziedi.lv\/ru\/wp-json\/wp\/v2\/pages\/2835\/revisions"}],"predecessor-version":[{"id":11970,"href":"https:\/\/ainasziedi.lv\/ru\/wp-json\/wp\/v2\/pages\/2835\/revisions\/11970"}],"wp:attachment":[{"href":"https:\/\/ainasziedi.lv\/ru\/wp-json\/wp\/v2\/media?parent=2835"}],"curies":[{"name":"wp","href":"https:\/\/api.w.org\/{rel}","templated":true}]}}